{"id":12,"date":"2021-05-17T16:59:51","date_gmt":"2021-05-17T14:59:51","guid":{"rendered":"https:\/\/portfolio.jaadar.go.yj.fr\/?page_id=12"},"modified":"2021-05-26T02:23:40","modified_gmt":"2021-05-26T00:23:40","slug":"veille-technologique","status":"publish","type":"page","link":"https:\/\/portfolio.mouradjaadar.fr\/index.php\/veille-technologique\/","title":{"rendered":"Veille Technologique"},"content":{"rendered":"<div class=\"style-665 style-local-12-c1 position-relative\" data-colibri-id=\"12-c1\">\n<div id=\"initial-content\" class=\"h-section h-section-global-spacing d-flex align-items-lg-center align-items-md-center align-items-center style-666 style-local-12-c2 position-relative\" data-colibri-component=\"section\" data-colibri-id=\"12-c2\">\n<div class=\"h-section-grid-container h-section-boxed-container\">\n<div class=\"h-row-container gutters-row-lg-2 gutters-row-md-2 gutters-row-0 gutters-row-v-lg-2 gutters-row-v-md-2 gutters-row-v-2 style-1072 style-local-12-c3 position-relative\" data-colibri-id=\"12-c3\">\n<div class=\"h-row justify-content-lg-center justify-content-md-center justify-content-center align-items-lg-stretch align-items-md-stretch align-items-stretch gutters-col-lg-2 gutters-col-md-2 gutters-col-0 gutters-col-v-lg-2 gutters-col-v-md-2 gutters-col-v-2\">\n<div class=\"h-column h-column-container d-flex h-col-lg-auto h-col-md-auto h-col-auto style-1073-outer style-local-12-c4-outer\">\n<div class=\"d-flex h-flex-basis h-column__inner h-px-lg-2 h-px-md-2 h-px-2 v-inner-lg-2 v-inner-md-2 v-inner-2 style-1073 style-local-12-c4 position-relative\" data-colibri-id=\"12-c4\">\n<div class=\"w-100 h-y-container h-column__content h-column__v-align flex-basis-100 align-self-lg-start align-self-md-start align-self-start\">\n<div class=\"h-global-transition-all h-heading style-1074 style-local-12-c5 position-relative h-element\" data-colibri-id=\"12-c5\">\n<div class=\"h-heading__outer style-1074 style-local-12-c5\">\n<h3 class=\"\">QU&#8217;EST-CE QUE LA VEILLE TECHNOLOGIQUE ?<\/h3>\n<\/div>\n<\/div>\n<\/div>\n<\/div>\n<\/div>\n<\/div>\n<\/div>\n<div class=\"h-row-container gutters-row-lg-2 gutters-row-md-2 gutters-row-0 gutters-row-v-lg-2 gutters-row-v-md-2 gutters-row-v-2 style-667 style-local-12-c6 position-relative\" data-colibri-id=\"12-c6\">\n<div class=\"h-row justify-content-lg-center justify-content-md-center justify-content-center align-items-lg-stretch align-items-md-stretch align-items-stretch gutters-col-lg-2 gutters-col-md-2 gutters-col-0 gutters-col-v-lg-2 gutters-col-v-md-2 gutters-col-v-2\">\n<div class=\"h-column h-column-container d-flex h-col-lg-auto h-col-md-auto h-col-auto style-668-outer style-local-12-c7-outer\">\n<div class=\"d-flex h-flex-basis h-column__inner h-px-lg-2 h-px-md-2 h-px-2 v-inner-lg-2 v-inner-md-2 v-inner-2 style-668 style-local-12-c7 position-relative\" data-colibri-id=\"12-c7\">\n<div class=\"w-100 h-y-container h-column__content h-column__v-align flex-basis-100 align-self-lg-start align-self-md-start align-self-start\">\n<div class=\"d-block style-1075 style-local-12-c8 position-relative h-element\" data-colibri-id=\"12-c8\">\n<div class=\"h-image__frame-container-outer\">\n<div class=\"h-image__frame-container\">\n\n<img decoding=\"async\" class=\"style-1075-image style-local-12-c8-image\" src=\"https:\/\/portfolio.mouradjaadar.fr\/wp-content\/uploads\/2021\/05\/cropped-cropped-Loupe-e1538984008400.png\" \/>\n<div class=\"h-image__frame h-hide-lg h-hide-md h-hide-sm style-1075-frameImage style-local-12-c8-frameImage\"><\/div>\n<\/div>\n<\/div>\n<\/div>\n<\/div>\n<\/div>\n<\/div>\n<div class=\"h-column h-column-container d-flex h-col-lg-auto h-col-md-auto h-col-auto style-670-outer style-local-12-c9-outer\">\n<div class=\"d-flex h-flex-basis h-column__inner h-px-lg-2 h-px-md-2 h-px-2 v-inner-lg-2 v-inner-md-2 v-inner-2 style-670 style-local-12-c9 position-relative\" data-colibri-id=\"12-c9\">\n<div class=\"w-100 h-y-container h-column__content h-column__v-align flex-basis-100 align-self-lg-start align-self-md-start align-self-start\">\n<div class=\"h-text h-text-component style-1076 style-local-12-c10 position-relative h-element\" data-colibri-id=\"12-c10\">\n<div class=\"\">\n<ul>\n \t<li>La veille technologique aussi appel\u00e9 veille scientifique consiste \u00e0 s\u2019informer, surveiller les \u00e9volutions techniques et les innovation\u00a0techniques dans un secteur d\u2019activit\u00e9 donn\u00e9es de fa\u00e7on r\u00e9guli\u00e8re.<\/li>\n \t<li>Cette activit\u00e9 met en \u0153uvre des techniques d&#8217;acquittions , de stockage et d&#8217;analyse d&#8217;information et leur distribution automatique aux diff\u00e9rentes sections concern\u00e9es de l&#8217;entreprise ,\u00a0\u00e0 la mani\u00e8re d&#8217;une revue de presse<\/li>\n<\/ul>\n<\/div>\n<\/div>\n<\/div>\n<\/div>\n<\/div>\n<\/div>\n<\/div>\n<\/div>\n<\/div>\n<div id=\"custom\" class=\"h-section h-section-global-spacing d-flex align-items-lg-center align-items-md-center align-items-center style-686 style-local-12-c11 position-relative\" data-colibri-component=\"section\" data-colibri-id=\"12-c11\">\n<div class=\"h-section-grid-container h-section-boxed-container\">\n<div class=\"h-row-container gutters-row-lg-2 gutters-row-md-2 gutters-row-0 gutters-row-v-lg-2 gutters-row-v-md-2 gutters-row-v-2 style-1077 style-local-12-c12 position-relative\" data-colibri-id=\"12-c12\">\n<div class=\"h-row justify-content-lg-center justify-content-md-center justify-content-center align-items-lg-stretch align-items-md-stretch align-items-stretch gutters-col-lg-2 gutters-col-md-2 gutters-col-0 gutters-col-v-lg-2 gutters-col-v-md-2 gutters-col-v-2\">\n<div class=\"h-column h-column-container d-flex h-col-lg-auto h-col-md-auto h-col-auto style-1078-outer style-local-12-c13-outer\">\n<div class=\"d-flex h-flex-basis h-column__inner h-px-lg-2 h-px-md-2 h-px-2 v-inner-lg-2 v-inner-md-2 v-inner-2 style-1078 style-local-12-c13 position-relative\" data-colibri-id=\"12-c13\">\n<div class=\"w-100 h-y-container h-column__content h-column__v-align flex-basis-100 align-self-lg-start align-self-md-start align-self-start\">\n<div class=\"h-global-transition-all h-heading style-1079 style-local-12-c14 position-relative h-element\" data-colibri-id=\"12-c14\">\n<div class=\"h-heading__outer style-1079 style-local-12-c14\">\n<h3 class=\"\">SUJET DE LA VEILLE TECHNOLOGIQUE<\/h3>\n<\/div>\n<\/div>\n<\/div>\n<\/div>\n<\/div>\n<\/div>\n<\/div>\n<div class=\"h-row-container gutters-row-lg-2 gutters-row-md-2 gutters-row-0 gutters-row-v-lg-2 gutters-row-v-md-2 gutters-row-v-2 style-1365 style-local-12-c44 position-relative\" data-colibri-id=\"12-c44\">\n<div class=\"h-row justify-content-lg-center justify-content-md-center justify-content-center align-items-lg-stretch align-items-md-stretch align-items-stretch gutters-col-lg-2 gutters-col-md-2 gutters-col-0 gutters-col-v-lg-2 gutters-col-v-md-2 gutters-col-v-2\">\n<div class=\"h-column h-column-container d-flex h-col-lg-auto h-col-md-auto h-col-auto style-1366-outer style-local-12-c45-outer\">\n<div class=\"d-flex h-flex-basis h-column__inner h-px-lg-2 h-px-md-2 h-px-2 v-inner-lg-2 v-inner-md-2 v-inner-2 style-1366 style-local-12-c45 position-relative\" data-colibri-id=\"12-c45\">\n<div class=\"w-100 h-y-container h-column__content h-column__v-align flex-basis-100 align-self-lg-start align-self-md-start align-self-start\">\n<div class=\"h-text h-text-component style-1367 style-local-12-c46 position-relative h-element\" data-colibri-id=\"12-c46\">\n<div class=\"\">\n\nPour la veille technologique, j&#8217;ai d\u00e9cid\u00e9 de traiter du sujet &#8221; Le cloud Computing &#8221;\n\n<\/div>\n<\/div>\n<\/div>\n<\/div>\n<\/div>\n<\/div>\n<\/div>\n<\/div>\n<\/div>\n<div id=\"custom-2\" class=\"h-section h-section-global-spacing d-flex align-items-lg-center align-items-md-center align-items-center style-1081 style-local-12-c18 position-relative\" data-colibri-component=\"section\" data-colibri-id=\"12-c18\">\n<div class=\"h-section-grid-container h-section-boxed-container\">\n<div class=\"h-row-container gutters-row-lg-2 gutters-row-md-2 gutters-row-0 gutters-row-v-lg-2 gutters-row-v-md-2 gutters-row-v-2 style-1085 style-local-12-c19 position-relative\" data-colibri-id=\"12-c19\">\n<div class=\"h-row justify-content-lg-center justify-content-md-center justify-content-center align-items-lg-stretch align-items-md-stretch align-items-stretch gutters-col-lg-2 gutters-col-md-2 gutters-col-0 gutters-col-v-lg-2 gutters-col-v-md-2 gutters-col-v-2\">\n<div class=\"h-column h-column-container d-flex h-col-lg-auto h-col-md-auto h-col-auto style-1086-outer style-local-12-c20-outer\">\n<div class=\"d-flex h-flex-basis h-column__inner h-px-lg-2 h-px-md-2 h-px-2 v-inner-lg-2 v-inner-md-2 v-inner-2 style-1086 style-local-12-c20 position-relative\" data-colibri-id=\"12-c20\">\n<div class=\"w-100 h-y-container h-column__content h-column__v-align flex-basis-100 align-self-lg-start align-self-md-start align-self-start\">\n<div class=\"h-global-transition-all h-heading style-1087 style-local-12-c21 position-relative h-element\" data-colibri-id=\"12-c21\">\n<div class=\"h-heading__outer style-1087 style-local-12-c21\">\n<h3 class=\"\">SUIVI D&#8217;INFORMATIONS DE LA VEILLE TECHNOLOGIQUE<\/h3>\n<\/div>\n<\/div>\n<\/div>\n<\/div>\n<\/div>\n<\/div>\n<\/div>\n<div class=\"h-row-container gutters-row-lg-2 gutters-row-md-2 gutters-row-0 gutters-row-v-lg-2 gutters-row-v-md-2 gutters-row-v-2 style-1368 style-local-12-c47 position-relative\" data-colibri-id=\"12-c47\">\n<div class=\"h-row justify-content-lg-center justify-content-md-center justify-content-center align-items-lg-stretch align-items-md-stretch align-items-stretch gutters-col-lg-2 gutters-col-md-2 gutters-col-0 gutters-col-v-lg-2 gutters-col-v-md-2 gutters-col-v-2\">\n<div class=\"h-column h-column-container d-flex h-col-lg-auto h-col-md-auto h-col-auto style-1369-outer style-local-12-c48-outer\">\n<div class=\"d-flex h-flex-basis h-column__inner h-px-lg-2 h-px-md-2 h-px-2 v-inner-lg-2 v-inner-md-2 v-inner-2 style-1369 style-local-12-c48 position-relative\" data-colibri-id=\"12-c48\">\n<div class=\"w-100 h-y-container h-column__content h-column__v-align flex-basis-100 align-self-lg-start align-self-md-start align-self-start\">\n<div class=\"h-text h-text-component style-1370 style-local-12-c49 position-relative h-element\" data-colibri-id=\"12-c49\">\n<div class=\"\">\n\nPour pouvoir r\u00e9aliser cette veille techologique j&#8217;ai utiliser diff\u00e9rents outils tels que : feedly, Feed Post\n\n<\/div>\n<\/div>\n<\/div>\n<\/div>\n<\/div>\n<\/div>\n<\/div>\n<div class=\"h-row-container gutters-row-lg-2 gutters-row-md-2 gutters-row-0 gutters-row-v-lg-2 gutters-row-v-md-2 gutters-row-v-2 style-1093 style-local-12-c25 position-relative\" data-colibri-id=\"12-c25\">\n<div class=\"h-row justify-content-lg-center justify-content-md-center justify-content-center align-items-lg-stretch align-items-md-stretch align-items-stretch gutters-col-lg-2 gutters-col-md-2 gutters-col-0 gutters-col-v-lg-2 gutters-col-v-md-2 gutters-col-v-2\">\n<div class=\"h-column h-column-container d-flex h-col-lg-auto h-col-md-auto h-col-auto style-1094-outer style-local-12-c26-outer\">\n<div class=\"d-flex h-flex-basis h-column__inner h-px-lg-2 h-px-md-2 h-px-2 v-inner-lg-2 v-inner-md-2 v-inner-2 style-1094 style-local-12-c26 position-relative\" data-colibri-id=\"12-c26\">\n<div class=\"w-100 h-y-container h-column__content h-column__v-align flex-basis-100 align-self-lg-start align-self-md-start align-self-start\">\n<div class=\"d-block style-1095 style-local-12-c27 position-relative h-element\" data-colibri-id=\"12-c27\">\n<div class=\"h-image__frame-container-outer\">\n<div class=\"h-image__frame-container\">\n\n<img decoding=\"async\" class=\"style-1095-image style-local-12-c27-image\" src=\"https:\/\/portfolio.mouradjaadar.fr\/wp-content\/uploads\/2021\/05\/cropped-logo-feedly-1-640x360-1-300x169.jpg\" \/>\n<div class=\"h-image__frame h-hide-lg h-hide-md h-hide-sm style-1095-frameImage style-local-12-c27-frameImage\"><\/div>\n<\/div>\n<\/div>\n<\/div>\n<\/div>\n<\/div>\n<\/div>\n<div class=\"h-column h-column-container d-flex h-col-lg-auto h-col-md-auto h-col-auto style-1096-outer style-local-12-c28-outer\">\n<div class=\"d-flex h-flex-basis h-column__inner h-px-lg-2 h-px-md-2 h-px-2 v-inner-lg-2 v-inner-md-2 v-inner-2 style-1096 style-local-12-c28 position-relative\" data-colibri-id=\"12-c28\">\n<div class=\"w-100 h-y-container h-column__content h-column__v-align flex-basis-100 align-self-lg-start align-self-md-start align-self-start\">\n<div class=\"d-block style-1097 style-local-12-c29 position-relative h-element\" data-colibri-id=\"12-c29\">\n<div class=\"h-image__frame-container-outer\">\n<div class=\"h-image__frame-container\">\n\n<img decoding=\"async\" width=\"200\" height=\"200\" class=\"wp-image-1380 style-1097-image style-local-12-c29-image\" src=\"https:\/\/portfolio.mouradjaadar.fr\/wp-content\/uploads\/2021\/05\/0.png\" alt=\"\" srcset=\"https:\/\/portfolio.mouradjaadar.fr\/wp-content\/uploads\/2021\/05\/0.png 200w, https:\/\/portfolio.mouradjaadar.fr\/wp-content\/uploads\/2021\/05\/0-150x150.png 150w\" sizes=\"(max-width: 200px) 100vw, 200px\" \/>\n<div class=\"h-image__frame h-hide-lg h-hide-md h-hide-sm style-1097-frameImage style-local-12-c29-frameImage\"><\/div>\n<\/div>\n<\/div>\n<\/div>\n<\/div>\n<\/div>\n<\/div>\n<\/div>\n<\/div>\n<\/div>\n<\/div>\n<div id=\"custom-3\" class=\"h-section h-section-global-spacing d-flex align-items-lg-center align-items-md-center align-items-center style-1104 style-local-12-c30 position-relative\" data-colibri-component=\"section\" data-colibri-id=\"12-c30\">\n<div class=\"h-section-grid-container h-section-boxed-container\">\n<div class=\"h-row-container gutters-row-lg-2 gutters-row-md-2 gutters-row-0 gutters-row-v-lg-2 gutters-row-v-md-2 gutters-row-v-2 style-1105 style-local-12-c31 position-relative\" data-colibri-id=\"12-c31\">\n<div class=\"h-row justify-content-lg-center justify-content-md-center justify-content-center align-items-lg-stretch align-items-md-stretch align-items-stretch gutters-col-lg-2 gutters-col-md-2 gutters-col-0 gutters-col-v-lg-2 gutters-col-v-md-2 gutters-col-v-2\">\n<div class=\"h-column h-column-container d-flex h-col-lg-auto h-col-md-auto h-col-auto style-1106-outer style-local-12-c32-outer\">\n<div class=\"d-flex h-flex-basis h-column__inner h-px-lg-2 h-px-md-2 h-px-2 v-inner-lg-2 v-inner-md-2 v-inner-2 style-1106 style-local-12-c32 position-relative\" data-colibri-id=\"12-c32\">\n<div class=\"w-100 h-y-container h-column__content h-column__v-align flex-basis-100 align-self-lg-start align-self-md-start align-self-start\">\n<div class=\"h-global-transition-all h-heading style-1107 style-local-12-c33 position-relative h-element\" data-colibri-id=\"12-c33\">\n<div class=\"h-heading__outer style-1107 style-local-12-c33\">\n<h3 class=\"\">COMMENT SONT TRAIT\u00c9ES LES INFORMATIONS ?<\/h3>\n<\/div>\n<\/div>\n<\/div>\n<\/div>\n<\/div>\n<\/div>\n<\/div>\n<div class=\"h-row-container gutters-row-lg-2 gutters-row-md-2 gutters-row-0 gutters-row-v-lg-2 gutters-row-v-md-2 gutters-row-v-2 style-1371 style-local-12-c50 position-relative\" data-colibri-id=\"12-c50\">\n<div class=\"h-row justify-content-lg-center justify-content-md-center justify-content-center align-items-lg-stretch align-items-md-stretch align-items-stretch gutters-col-lg-2 gutters-col-md-2 gutters-col-0 gutters-col-v-lg-2 gutters-col-v-md-2 gutters-col-v-2\">\n<div class=\"h-column h-column-container d-flex h-col-lg-auto h-col-md-auto h-col-auto style-1372-outer style-local-12-c51-outer\">\n<div class=\"d-flex h-flex-basis h-column__inner h-px-lg-2 h-px-md-2 h-px-2 v-inner-lg-2 v-inner-md-2 v-inner-2 style-1372 style-local-12-c51 position-relative\" data-colibri-id=\"12-c51\">\n<div class=\"w-100 h-y-container h-column__content h-column__v-align flex-basis-100 align-self-lg-start align-self-md-start align-self-start\">\n<div class=\"h-text h-text-component style-1373 style-local-12-c52 position-relative h-element\" data-colibri-id=\"12-c52\">\n<div class=\"\">\n\nPour ce qui est de Feedly, Je me rends r\u00e9guli\u00e8rement sur ce site et lorsqu&#8217;une information importante est remont\u00e9e je sauvegarde tout cela dans mon boards\n\nContrairement a Feedspot les informations arrivent sous forme de mail de google alerte tous les jours des rapports sont envoy\u00e9s et sont par la suite trait\u00e9s et tri\u00e9s dans la boite mail .\n\n<\/div>\n<\/div>\n<\/div>\n<\/div>\n<\/div>\n<\/div>\n<\/div>\n<\/div>\n<\/div>\n<div id=\"custom-4\" class=\"h-section h-section-global-spacing d-flex align-items-lg-center align-items-md-center align-items-center style-1112 style-local-12-c37 position-relative\" data-colibri-component=\"section\" data-colibri-id=\"12-c37\">\n<div class=\"h-section-grid-container h-section-boxed-container\">\n<div class=\"h-row-container gutters-row-lg-2 gutters-row-md-2 gutters-row-0 gutters-row-v-lg-2 gutters-row-v-md-2 gutters-row-v-2 style-1113 style-local-12-c38 position-relative\" data-colibri-id=\"12-c38\">\n<div class=\"h-row justify-content-lg-center justify-content-md-center justify-content-center align-items-lg-stretch align-items-md-stretch align-items-stretch gutters-col-lg-2 gutters-col-md-2 gutters-col-0 gutters-col-v-lg-2 gutters-col-v-md-2 gutters-col-v-2\">\n<div class=\"h-column h-column-container d-flex h-col-lg-auto h-col-md-auto h-col-auto style-1114-outer style-local-12-c39-outer\">\n<div class=\"d-flex h-flex-basis h-column__inner h-px-lg-2 h-px-md-2 h-px-2 v-inner-lg-2 v-inner-md-2 v-inner-2 style-1114 style-local-12-c39 position-relative\" data-colibri-id=\"12-c39\">\n<div class=\"w-100 h-y-container h-column__content h-column__v-align flex-basis-100 align-self-lg-start align-self-md-start align-self-start\">\n<div class=\"h-global-transition-all h-heading style-1115 style-local-12-c40 position-relative h-element\" data-colibri-id=\"12-c40\">\n<div class=\"h-heading__outer style-1115 style-local-12-c40\">\n<h3 class=\"\">Cloud Computing<\/h3>\n<\/div>\n<\/div>\n<\/div>\n<\/div>\n<\/div>\n<\/div>\n<\/div>\n<div class=\"h-row-container gutters-row-lg-2 gutters-row-md-2 gutters-row-0 gutters-row-v-lg-2 gutters-row-v-md-2 gutters-row-v-2 style-1116 style-local-12-c41 position-relative\" data-colibri-id=\"12-c41\">\n<div class=\"h-row justify-content-lg-center justify-content-md-center justify-content-center align-items-lg-stretch align-items-md-stretch align-items-stretch gutters-col-lg-2 gutters-col-md-2 gutters-col-0 gutters-col-v-lg-2 gutters-col-v-md-2 gutters-col-v-2\">\n<div class=\"h-column h-column-container d-flex h-col-lg-auto h-col-md-auto h-col-auto style-1117-outer style-local-12-c42-outer\">\n<div class=\"d-flex h-flex-basis h-column__inner h-px-lg-2 h-px-md-2 h-px-2 v-inner-lg-2 v-inner-md-2 v-inner-2 style-1117 style-local-12-c42 position-relative\" data-colibri-id=\"12-c42\">\n<div class=\"w-100 h-y-container h-column__content h-column__v-align flex-basis-100 align-self-lg-start align-self-md-start align-self-start\">\n<div class=\"d-block style-1118 style-local-12-c43 position-relative h-element\" data-colibri-id=\"12-c43\">\n<div class=\"h-image__frame-container-outer\">\n<div class=\"h-image__frame-container\">\n\n<img decoding=\"async\" class=\"style-1118-image style-local-12-c43-image\" src=\"https:\/\/portfolio.mouradjaadar.fr\/wp-content\/uploads\/2021\/05\/cropped-illu_cloudcomputing_blog-26-1200x900-1-300x300.png\" \/>\n<div class=\"h-image__frame h-hide-lg h-hide-md h-hide-sm style-1118-frameImage style-local-12-c43-frameImage\"><\/div>\n<\/div>\n<\/div>\n<div class=\"h-image__frame-container-outer\">\n\n<a href=\"https:\/\/portfolio.mouradjaadar.fr\/wp-content\/uploads\/2021\/05\/Veille-Technologique.pdf\">Veille Technologique<\/a>\n\n<\/div>\n<\/div>\n<\/div>\n<\/div>\n<\/div>\n<\/div>\n<\/div>\n<\/div>\n<\/div>\n<\/div>","protected":false},"excerpt":{"rendered":"<p>QU&#8217;EST-CE QUE LA VEILLE TECHNOLOGIQUE ? La veille technologique aussi appel\u00e9 veille scientifique consiste \u00e0 s\u2019informer, surveiller les \u00e9volutions techniques et les innovation\u00a0techniques dans un secteur d\u2019activit\u00e9 donn\u00e9es de fa\u00e7on r\u00e9guli\u00e8re. Cette activit\u00e9 met en \u0153uvre des techniques d&#8217;acquittions , de stockage et d&#8217;analyse d&#8217;information et leur distribution automatique aux diff\u00e9rentes sections concern\u00e9es de l&#8217;entreprise [&hellip;]<\/p>\n","protected":false},"author":1,"featured_media":0,"parent":0,"menu_order":0,"comment_status":"closed","ping_status":"closed","template":"page-templates\/full-width-page.php","meta":{"footnotes":""},"class_list":["post-12","page","type-page","status-publish","hentry"],"_links":{"self":[{"href":"https:\/\/portfolio.mouradjaadar.fr\/index.php\/wp-json\/wp\/v2\/pages\/12","targetHints":{"allow":["GET"]}}],"collection":[{"href":"https:\/\/portfolio.mouradjaadar.fr\/index.php\/wp-json\/wp\/v2\/pages"}],"about":[{"href":"https:\/\/portfolio.mouradjaadar.fr\/index.php\/wp-json\/wp\/v2\/types\/page"}],"author":[{"embeddable":true,"href":"https:\/\/portfolio.mouradjaadar.fr\/index.php\/wp-json\/wp\/v2\/users\/1"}],"replies":[{"embeddable":true,"href":"https:\/\/portfolio.mouradjaadar.fr\/index.php\/wp-json\/wp\/v2\/comments?post=12"}],"version-history":[{"count":15,"href":"https:\/\/portfolio.mouradjaadar.fr\/index.php\/wp-json\/wp\/v2\/pages\/12\/revisions"}],"predecessor-version":[{"id":2040,"href":"https:\/\/portfolio.mouradjaadar.fr\/index.php\/wp-json\/wp\/v2\/pages\/12\/revisions\/2040"}],"wp:attachment":[{"href":"https:\/\/portfolio.mouradjaadar.fr\/index.php\/wp-json\/wp\/v2\/media?parent=12"}],"curies":[{"name":"wp","href":"https:\/\/api.w.org\/{rel}","templated":true}]}}