{"id":30,"date":"2021-05-17T17:06:57","date_gmt":"2021-05-17T15:06:57","guid":{"rendered":"https:\/\/portfolio.jaadar.go.yj.fr\/?page_id=30"},"modified":"2024-02-07T12:34:23","modified_gmt":"2024-02-07T11:34:23","slug":"presentation","status":"publish","type":"page","link":"https:\/\/portfolio.mouradjaadar.fr\/index.php\/presentation\/","title":{"rendered":"Pr\u00e9sentation"},"content":{"rendered":"<div data-colibri-id=\"30-c1\" class=\"style-501 style-local-30-c1 position-relative\">\n  <!---->\n  <div data-colibri-component=\"section\" data-colibri-id=\"30-c2\" id=\"custom\" class=\"h-section h-section-global-spacing d-flex align-items-lg-center align-items-md-center align-items-center style-529 style-local-30-c2 position-relative\">\n    <!---->\n    <!---->\n    <div class=\"h-section-grid-container h-section-boxed-container\">\n      <!---->\n      <div data-colibri-id=\"30-c3\" class=\"h-row-container gutters-row-lg-2 gutters-row-md-2 gutters-row-0 gutters-row-v-lg-2 gutters-row-v-md-2 gutters-row-v-2 style-530 style-local-30-c3 position-relative\">\n        <!---->\n        <div class=\"h-row justify-content-lg-center justify-content-md-center justify-content-center align-items-lg-stretch align-items-md-stretch align-items-stretch gutters-col-lg-2 gutters-col-md-2 gutters-col-0 gutters-col-v-lg-2 gutters-col-v-md-2 gutters-col-v-2\">\n          <!---->\n          <div class=\"h-column h-column-container d-flex h-col-lg-auto h-col-md-auto h-col-auto style-531-outer style-local-30-c4-outer\">\n            <div data-colibri-id=\"30-c4\" class=\"d-flex h-flex-basis h-column__inner h-px-lg-2 h-px-md-2 h-px-2 v-inner-lg-2 v-inner-md-2 v-inner-2 style-531 style-local-30-c4 position-relative\">\n              <!---->\n              <!---->\n              <div class=\"w-100 h-y-container h-column__content h-column__v-align flex-basis-100 align-self-lg-start align-self-md-start align-self-start\">\n                <!---->\n                <div data-colibri-id=\"30-c5\" class=\"h-text h-text-component style-542 style-local-30-c5 position-relative h-element\">\n                  <!---->\n                  <!---->\n                  <div class=\"\">\n                    <p>Mourad Jaadar&nbsp;<\/p>\n                    <p>21 ans&nbsp;<\/p>\n                  <\/div>\n                <\/div>\n                <div data-colibri-id=\"30-c6\" class=\"d-block style-540 style-local-30-c6 position-relative h-element\">\n                  <!---->\n                  <div class=\"h-image__frame-container-outer\">\n                    <div class=\"h-image__frame-container\">\n                      <!---->\n                      <!---->\n                      <img decoding=\"async\" src=\"https:\/\/portfolio.mouradjaadar.fr\/wp-content\/uploads\/2021\/05\/cropped-cropped-users-vector-icon-png_260862_59627.jpg\" class=\"style-540-image style-local-30-c6-image\">\n                      <div class=\"h-image__frame h-hide-lg h-hide-md h-hide-sm style-540-frameImage style-local-30-c6-frameImage\"><\/div>\n                    <\/div>\n                  <\/div>\n                <\/div>\n                <div data-colibri-id=\"30-c7\" class=\"h-text h-text-component style-538 style-local-30-c7 position-relative h-element\">\n                  <!---->\n                  <!---->\n                  <div class=\"\">\n                    <p><span style=\"font-weight: 400; font-size: 16px; font-family: Open Sans; color: rgb(70, 112, 127);\">Je suis titulaire d\u2019une LP ASSR Parcours GSIE .Je suis actuellement administrateur syst\u00e8me et r\u00e9seau en vue de la pr\u00e9paration d&#8217;un mast\u00e8re sp\u00e9cialisation Syst\u00e8mes,R\u00e9seaux et cloud Computing<br><\/span><\/p>\n                  <\/div>\n                <\/div>\n                <div data-colibri-id=\"30-c8\" class=\"h-row-container gutters-row-lg-2 gutters-row-md-2 gutters-row-0 gutters-row-v-lg-2 gutters-row-v-md-2 gutters-row-v-2 style-533 style-local-30-c8 position-relative\">\n                  <!---->\n                  <div class=\"h-row justify-content-lg-center justify-content-md-center justify-content-center align-items-lg-stretch align-items-md-stretch align-items-stretch gutters-col-lg-2 gutters-col-md-2 gutters-col-0 gutters-col-v-lg-2 gutters-col-v-md-2 gutters-col-v-2\">\n                    <!---->\n                    <div class=\"h-column h-column-container d-flex h-col-lg-auto h-col-md-auto h-col-auto style-537-outer style-local-30-c9-outer\">\n                      <div data-colibri-id=\"30-c9\" class=\"d-flex h-flex-basis h-column__inner h-ui-empty-state-container h-px-lg-2 h-px-md-2 h-px-2 v-inner-lg-2 v-inner-md-2 v-inner-2 style-537 style-local-30-c9 position-relative\">\n                        <!---->\n                        <!---->\n                        <div class=\"w-100 h-y-container h-column__content h-column__v-align flex-basis-100\">\n                          <!---->\n                        <\/div>\n                      <\/div>\n                    <\/div>\n                  <\/div>\n                <\/div>\n              <\/div>\n            <\/div>\n          <\/div>\n          <div class=\"h-column h-column-container d-flex h-col-lg-auto h-col-md-auto h-col-auto style-561-outer style-local-30-c10-outer\">\n            <div data-colibri-id=\"30-c10\" class=\"d-flex h-flex-basis h-column__inner h-px-lg-2 h-px-md-2 h-px-2 v-inner-lg-2 v-inner-md-2 v-inner-2 style-561 style-local-30-c10 position-relative\">\n              <!---->\n              <!---->\n              <div class=\"w-100 h-y-container h-column__content h-column__v-align flex-basis-100 align-self-lg-start align-self-md-start align-self-start\">\n                <!---->\n                <div data-colibri-id=\"30-c11\" class=\"h-text h-text-component style-570 style-local-30-c11 position-relative h-element\">\n                  <!---->\n                  <!---->\n                  <div class=\"\">\n                    <p>LP ASSR Parcours GSIE\n                      <br>\n                    <\/p>\n                  <\/div>\n                <\/div>\n                <div data-colibri-id=\"30-c12\" class=\"d-block style-569 style-local-30-c12 position-relative h-element\">\n                  <!---->\n                  <div class=\"h-image__frame-container-outer\">\n                    <div class=\"h-image__frame-container\">\n                      <!---->\n                      <!---->\n                      <img decoding=\"async\" src=\"https:\/\/portfolio.mouradjaadar.fr\/wp-content\/uploads\/2021\/05\/cropped-cropped-reussir-ses-etudes-1-1.jpg\" class=\"style-569-image style-local-30-c12-image\">\n                      <div class=\"h-image__frame h-hide-lg h-hide-md h-hide-sm style-569-frameImage style-local-30-c12-frameImage\"><\/div>\n                    <\/div>\n                  <\/div>\n                <\/div>\n                <div data-colibri-id=\"30-c13\" class=\"h-text h-text-component style-580 style-local-30-c13 position-relative h-element\">\n                  <!---->\n                  <!---->\n                  <div class=\"\">\n                    <p><span style=\"font-size: 15px; font-family: sans-serif;\">Le mast\u00e8re&nbsp;<\/span><span style=\"font-size: 16px; font-family: Open Sans; font-weight: 400; color: rgb(70, 112, 127);\">sp\u00e9cialisation Syst\u00e8mes,R\u00e9seaux et cloud Computing&nbsp;<\/span>\n                      <span\n                        style=\"font-size: 15px; font-family: sans-serif;\"> a pour vocation de former <\/span><strong>l\u2019expertise pour optimiser et garantir la disponibilit\u00e9, la fiabilit\u00e9 et la s\u00e9curit\u00e9 des donn\u00e9es<\/strong> dans un contexte d\u2019\u00e9volution des grandes entreprises vers les technologies de virtualisation\n                        de r\u00e9seaux et de serveurs et la mutualisation de services \u00e0 travers le Cloud Computing.<\/p>\n                  <\/div>\n                <\/div>\n              <\/div>\n            <\/div>\n          <\/div>\n        <\/div>\n      <\/div>\n    <\/div>\n  <\/div>\n<\/div>","protected":false},"excerpt":{"rendered":"<p>Mourad Jaadar&nbsp; 21 ans&nbsp; Je suis titulaire d\u2019une LP ASSR Parcours GSIE .Je suis actuellement administrateur syst\u00e8me et r\u00e9seau en vue de la pr\u00e9paration d&#8217;un mast\u00e8re sp\u00e9cialisation Syst\u00e8mes,R\u00e9seaux et cloud Computing LP ASSR Parcours GSIE Le mast\u00e8re&nbsp;sp\u00e9cialisation Syst\u00e8mes,R\u00e9seaux et cloud Computing&nbsp; a pour vocation de former l\u2019expertise pour optimiser et garantir la disponibilit\u00e9, la fiabilit\u00e9 [&hellip;]<\/p>\n","protected":false},"author":1,"featured_media":0,"parent":0,"menu_order":0,"comment_status":"closed","ping_status":"closed","template":"page-templates\/full-width-page.php","meta":{"footnotes":""},"class_list":["post-30","page","type-page","status-publish","hentry"],"_links":{"self":[{"href":"https:\/\/portfolio.mouradjaadar.fr\/index.php\/wp-json\/wp\/v2\/pages\/30","targetHints":{"allow":["GET"]}}],"collection":[{"href":"https:\/\/portfolio.mouradjaadar.fr\/index.php\/wp-json\/wp\/v2\/pages"}],"about":[{"href":"https:\/\/portfolio.mouradjaadar.fr\/index.php\/wp-json\/wp\/v2\/types\/page"}],"author":[{"embeddable":true,"href":"https:\/\/portfolio.mouradjaadar.fr\/index.php\/wp-json\/wp\/v2\/users\/1"}],"replies":[{"embeddable":true,"href":"https:\/\/portfolio.mouradjaadar.fr\/index.php\/wp-json\/wp\/v2\/comments?post=30"}],"version-history":[{"count":16,"href":"https:\/\/portfolio.mouradjaadar.fr\/index.php\/wp-json\/wp\/v2\/pages\/30\/revisions"}],"predecessor-version":[{"id":2192,"href":"https:\/\/portfolio.mouradjaadar.fr\/index.php\/wp-json\/wp\/v2\/pages\/30\/revisions\/2192"}],"wp:attachment":[{"href":"https:\/\/portfolio.mouradjaadar.fr\/index.php\/wp-json\/wp\/v2\/media?parent=30"}],"curies":[{"name":"wp","href":"https:\/\/api.w.org\/{rel}","templated":true}]}}