{"id":42,"date":"2021-05-17T17:27:00","date_gmt":"2021-05-17T15:27:00","guid":{"rendered":"https:\/\/portfolio.jaadar.go.yj.fr\/?page_id=42"},"modified":"2021-05-26T01:32:20","modified_gmt":"2021-05-25T23:32:20","slug":"premiere-activite","status":"publish","type":"page","link":"https:\/\/portfolio.mouradjaadar.fr\/index.php\/premiere-activite\/","title":{"rendered":"Premi\u00e8re Activit\u00e9"},"content":{"rendered":"<div class=\"style-607 style-local-42-c1 position-relative\" data-colibri-id=\"42-c1\">\n<div id=\"initial-content\" class=\"h-section h-section-global-spacing d-flex align-items-lg-center align-items-md-center align-items-center style-608 style-local-42-c2 position-relative\" data-colibri-component=\"section\" data-colibri-id=\"42-c2\">\n<div class=\"h-section-grid-container h-section-boxed-container\">\n<div class=\"h-row-container gutters-row-lg-2 gutters-row-md-2 gutters-row-0 gutters-row-v-lg-2 gutters-row-v-md-2 gutters-row-v-2 style-871 style-local-42-c21 position-relative\" data-colibri-id=\"42-c21\">\n<div class=\"h-row justify-content-lg-center justify-content-md-center justify-content-center align-items-lg-stretch align-items-md-stretch align-items-stretch gutters-col-lg-2 gutters-col-md-2 gutters-col-0 gutters-col-v-lg-2 gutters-col-v-md-2 gutters-col-v-2\">\n<div class=\"h-column h-column-container d-flex h-col-lg-auto h-col-md-auto h-col-auto style-872-outer style-local-42-c22-outer\">\n<div class=\"d-flex h-flex-basis h-column__inner h-px-lg-2 h-px-md-2 h-px-2 v-inner-lg-2 v-inner-md-2 v-inner-2 style-872 style-local-42-c22 position-relative\" data-colibri-id=\"42-c22\">\n<div class=\"w-100 h-y-container h-column__content h-column__v-align flex-basis-100 align-self-lg-start align-self-md-start align-self-start\">\n<div class=\"h-global-transition-all h-heading style-884 style-local-42-c37 position-relative h-element\" data-colibri-id=\"42-c37\">\n<div class=\"h-heading__outer style-884 style-local-42-c37\">\n<h5 class=\"\">Mise en place d\u2019un serveur de Supervision (Eyes_Of_Network) :<\/h5>\n<p><\/p>\n<\/div>\n<\/div>\n<div class=\"h-icon style-881 style-local-42-c34 position-relative h-element\" data-colibri-id=\"42-c34\"><span class=\"h-svg-icon h-icon__icon style-881-icon style-local-42-c34-icon\"><!--Icon by Font Awesome (https:\/\/fontawesome.com)--><\/span><\/div>\n<p><\/p>\n<\/div>\n<\/div>\n<\/div>\n<div class=\"h-column h-column-container d-flex h-col-lg-auto h-col-md-auto h-col-auto style-882-outer style-local-42-c35-outer\">\n<div class=\"d-flex h-flex-basis h-column__inner h-px-lg-2 h-px-md-2 h-px-2 v-inner-lg-2 v-inner-md-2 v-inner-2 style-882 style-local-42-c35 position-relative\" data-colibri-id=\"42-c35\">\n<div class=\"w-100 h-y-container h-column__content h-column__v-align flex-basis-100 align-self-lg-start align-self-md-start align-self-start\">\n<div class=\"h-text h-text-component style-883 style-local-42-c36 position-relative h-element\" data-colibri-id=\"42-c36\">\n<div class=\"\">\n<p><strong style=\"font-size: 16px; font-family: 'Open Sans'; color: #46707f;\">Suite \u00e0 une panne&nbsp;sur l\u2019un des serveurs de la soci\u00e9t\u00e9 GSB et un ensemble de dysfonctionnements r\u00e9currents, le DSI m\u2019a demand\u00e9 de trouver l\u2019origine de ces&nbsp;pannes&nbsp;et d\u2019identifier les&nbsp;pannes.&nbsp;Mais on ne&nbsp;sait&nbsp;pas&nbsp;quelle&nbsp;mat\u00e9riel, serveur&nbsp;est en&nbsp;pannes.&nbsp;Pour r\u00e9pondre \u00e0 sa requ\u00eate j\u2019ai choisi de configurer un serveur&nbsp;supervision (Eyes_of_network).<\/strong><br><span style=\"font-size: 16px; font-family: 'Open Sans'; color: #46707f; font-weight: 400;\">&nbsp;<\/span><\/p>\n<\/div>\n<\/div>\n<\/div>\n<\/div>\n<\/div>\n<\/div>\n<\/div>\n<\/div>\n<\/div>\n<\/div>\n\n\n<div class=\"wp-block-file\"><a href=\"https:\/\/portfolio.mouradjaadar.fr\/wp-content\/uploads\/2021\/05\/E4-Description-Situation-Professionnelle_Activite2.pdf\">                                         Fiche descriptif<\/a><a href=\"https:\/\/portfolio.mouradjaadar.fr\/wp-content\/uploads\/2021\/05\/E4-Description-Situation-Professionnelle_Activite2.pdf\" class=\"wp-block-file__button\" download>T\u00e9l\u00e9charger<\/a><\/div>\n\n\n\n<div class=\"wp-block-file\"><a href=\"https:\/\/portfolio.mouradjaadar.fr\/wp-content\/uploads\/2021\/05\/Mode-operatoire-EYES.pdf\">                                        Mode op\u00e9ratoire<\/a><a href=\"https:\/\/portfolio.mouradjaadar.fr\/wp-content\/uploads\/2021\/05\/Mode-operatoire-EYES.pdf\" class=\"wp-block-file__button\" download>T\u00e9l\u00e9charger<\/a><\/div>\n\n\n\n<div class=\"wp-block-file\"><a href=\"https:\/\/portfolio.mouradjaadar.fr\/wp-content\/uploads\/2021\/05\/Supervision.pdf\">                                         Restitution<\/a><a href=\"https:\/\/portfolio.mouradjaadar.fr\/wp-content\/uploads\/2021\/05\/Supervision.pdf\" class=\"wp-block-file__button\" download>T\u00e9l\u00e9charger<\/a><\/div>\n","protected":false},"excerpt":{"rendered":"<p>Mise en place d\u2019un serveur de Supervision (Eyes_Of_Network) : Suite \u00e0 une panne&nbsp;sur l\u2019un des serveurs de la soci\u00e9t\u00e9 GSB et un ensemble de dysfonctionnements r\u00e9currents, le DSI m\u2019a demand\u00e9 de trouver l\u2019origine de ces&nbsp;pannes&nbsp;et d\u2019identifier les&nbsp;pannes.&nbsp;Mais on ne&nbsp;sait&nbsp;pas&nbsp;quelle&nbsp;mat\u00e9riel, serveur&nbsp;est en&nbsp;pannes.&nbsp;Pour r\u00e9pondre \u00e0 sa requ\u00eate j\u2019ai choisi de configurer un serveur&nbsp;supervision (Eyes_of_network).&nbsp;<\/p>\n","protected":false},"author":1,"featured_media":0,"parent":0,"menu_order":0,"comment_status":"closed","ping_status":"closed","template":"page-templates\/full-width-page.php","meta":{"footnotes":""},"class_list":["post-42","page","type-page","status-publish","hentry"],"_links":{"self":[{"href":"https:\/\/portfolio.mouradjaadar.fr\/index.php\/wp-json\/wp\/v2\/pages\/42","targetHints":{"allow":["GET"]}}],"collection":[{"href":"https:\/\/portfolio.mouradjaadar.fr\/index.php\/wp-json\/wp\/v2\/pages"}],"about":[{"href":"https:\/\/portfolio.mouradjaadar.fr\/index.php\/wp-json\/wp\/v2\/types\/page"}],"author":[{"embeddable":true,"href":"https:\/\/portfolio.mouradjaadar.fr\/index.php\/wp-json\/wp\/v2\/users\/1"}],"replies":[{"embeddable":true,"href":"https:\/\/portfolio.mouradjaadar.fr\/index.php\/wp-json\/wp\/v2\/comments?post=42"}],"version-history":[{"count":12,"href":"https:\/\/portfolio.mouradjaadar.fr\/index.php\/wp-json\/wp\/v2\/pages\/42\/revisions"}],"predecessor-version":[{"id":1971,"href":"https:\/\/portfolio.mouradjaadar.fr\/index.php\/wp-json\/wp\/v2\/pages\/42\/revisions\/1971"}],"wp:attachment":[{"href":"https:\/\/portfolio.mouradjaadar.fr\/index.php\/wp-json\/wp\/v2\/media?parent=42"}],"curies":[{"name":"wp","href":"https:\/\/api.w.org\/{rel}","templated":true}]}}