{"id":63,"date":"2021-05-19T22:04:20","date_gmt":"2021-05-19T20:04:20","guid":{"rendered":"https:\/\/portfolio.jaadar.go.yj.fr\/?page_id=63"},"modified":"2021-05-26T01:20:41","modified_gmt":"2021-05-25T23:20:41","slug":"inventaire-dun-parc-informatique-ocs","status":"publish","type":"page","link":"https:\/\/portfolio.mouradjaadar.fr\/index.php\/inventaire-dun-parc-informatique-ocs\/","title":{"rendered":"Inventaire d\u2019un parc informatique ( OCS)"},"content":{"rendered":"\n<p style=\"font-size:24px\"><strong>Contexte<\/strong>\u202f:<\/p>\n\n\n\n<p class=\"has-medium-font-size\">Vous venez d\u2019\u00eatre embauch\u00e9 comme assistant du responsable informatique pour la soci\u00e9t\u00e9 GSB dans la nouvelle succursale d\u2019Aurillac. Le DSI souhaite vous confier la maintenance du Parc informatique\u202f; Avant de d\u00e9ployer l\u2019outil de gestion sur l\u2019ensemble du r\u00e9seau, il vous demande de cr\u00e9er une infrastructure de tests selon la maquette ci-dessous.&nbsp;<\/p>\n\n\n\n<p style=\"font-size:24px\"><strong>Objectif\u202f:<\/strong>&nbsp;<\/p>\n\n\n\n<ul class=\"has-medium-font-size wp-block-list\"><li>\u00catre capable de distinguer les diff\u00e9rences entre un inventaire et la maintenance d\u2019un parc informatique.&nbsp;<\/li><\/ul>\n\n\n\n<ul class=\"has-medium-font-size wp-block-list\"><li>\u00catre capable de d\u00e9terminer les fonctions et objectifs d\u2019un inventaire&nbsp;<\/li><\/ul>\n\n\n\n<ul class=\"has-medium-font-size wp-block-list\"><li>\u00catre capable de r\u00e9aliser un inventaire de toute la configuration mat\u00e9rielle et logicielle d\u2019un parc informatique dont vous avez la gestion et l\u2019administration \u00e0 l\u2019aide d\u2019un outil sp\u00e9cifique(automatisation).&nbsp;<\/li><\/ul>\n\n\n\n<p style=\"font-size:24px\"><strong>Contrainte\u202f:&nbsp;<\/strong>&nbsp;&nbsp;&nbsp;&nbsp;<\/p>\n\n\n\n<ul class=\"has-medium-font-size wp-block-list\"><li>Pour r\u00e9aliser ce travail vous utiliserez le logiciel open source OCS Inventory NG. Il s\u2019appuie sur la mise en \u0153uvre d\u2019une infrastructure client\/serveur.\u00a0<\/li><li>Contrainte de temps (10 heures)<\/li><\/ul>\n\n\n\n<div class=\"wp-block-file\"><a href=\"https:\/\/portfolio.mouradjaadar.fr\/wp-content\/uploads\/2021\/05\/Inventaire-dun-Parc-Informatique.pdf\">Restitution<\/a><a href=\"https:\/\/portfolio.mouradjaadar.fr\/wp-content\/uploads\/2021\/05\/Inventaire-dun-Parc-Informatique.pdf\" class=\"wp-block-file__button\" download>T\u00e9l\u00e9charger<\/a><\/div>\n\n\n\n<div class=\"wp-block-file\"><a href=\"https:\/\/portfolio.mouradjaadar.fr\/wp-content\/uploads\/2021\/05\/mode-operatoire-OCS.pdf\">Mode op\u00e9ratoire<\/a><a href=\"https:\/\/portfolio.mouradjaadar.fr\/wp-content\/uploads\/2021\/05\/mode-operatoire-OCS.pdf\" class=\"wp-block-file__button\" download>T\u00e9l\u00e9charger<\/a><\/div>\n\n\n\n<p><\/p>\n","protected":false},"excerpt":{"rendered":"<p>Contexte\u202f: Vous venez d\u2019\u00eatre embauch\u00e9 comme assistant du responsable informatique pour la soci\u00e9t\u00e9 GSB dans la nouvelle succursale d\u2019Aurillac. Le DSI souhaite vous confier la maintenance du Parc informatique\u202f; Avant de d\u00e9ployer l\u2019outil de gestion sur l\u2019ensemble du r\u00e9seau, il vous demande de cr\u00e9er une infrastructure de tests selon la maquette ci-dessous.&nbsp; Objectif\u202f:&nbsp; \u00catre capable [&hellip;]<\/p>\n","protected":false},"author":1,"featured_media":0,"parent":0,"menu_order":0,"comment_status":"closed","ping_status":"closed","template":"","meta":{"footnotes":""},"class_list":["post-63","page","type-page","status-publish","hentry"],"_links":{"self":[{"href":"https:\/\/portfolio.mouradjaadar.fr\/index.php\/wp-json\/wp\/v2\/pages\/63","targetHints":{"allow":["GET"]}}],"collection":[{"href":"https:\/\/portfolio.mouradjaadar.fr\/index.php\/wp-json\/wp\/v2\/pages"}],"about":[{"href":"https:\/\/portfolio.mouradjaadar.fr\/index.php\/wp-json\/wp\/v2\/types\/page"}],"author":[{"embeddable":true,"href":"https:\/\/portfolio.mouradjaadar.fr\/index.php\/wp-json\/wp\/v2\/users\/1"}],"replies":[{"embeddable":true,"href":"https:\/\/portfolio.mouradjaadar.fr\/index.php\/wp-json\/wp\/v2\/comments?post=63"}],"version-history":[{"count":7,"href":"https:\/\/portfolio.mouradjaadar.fr\/index.php\/wp-json\/wp\/v2\/pages\/63\/revisions"}],"predecessor-version":[{"id":1960,"href":"https:\/\/portfolio.mouradjaadar.fr\/index.php\/wp-json\/wp\/v2\/pages\/63\/revisions\/1960"}],"wp:attachment":[{"href":"https:\/\/portfolio.mouradjaadar.fr\/index.php\/wp-json\/wp\/v2\/media?parent=63"}],"curies":[{"name":"wp","href":"https:\/\/api.w.org\/{rel}","templated":true}]}}