{"id":74,"date":"2021-05-19T22:11:58","date_gmt":"2021-05-19T20:11:58","guid":{"rendered":"https:\/\/portfolio.jaadar.go.yj.fr\/?page_id=74"},"modified":"2021-05-26T01:07:03","modified_gmt":"2021-05-25T23:07:03","slug":"dns-avance-zone-secondaire","status":"publish","type":"page","link":"https:\/\/portfolio.mouradjaadar.fr\/index.php\/dns-avance-zone-secondaire\/","title":{"rendered":"DNS Avanc\u00e9 (Zone secondaire)"},"content":{"rendered":"\n<p style=\"font-size:24px\"><strong>Contexte :<\/strong>&nbsp;<\/p>\n\n\n\n<p class=\"has-medium-font-size\">&nbsp;Le DSI nous demande d\u2019installer et de configurer un serveur DNS secondaire. Ce serveur DNS secondaire fait donc autorit\u00e9 sur la zone et devra s\u2019occuper de la r\u00e9solution des requ\u00eates DNS \u00e0 la place du serveur Primaire.&nbsp;&nbsp;<\/p>\n\n\n\n<p style=\"font-size:24px\"><strong>Objectifs :<\/strong>&nbsp;<\/p>\n\n\n\n<ul class=\"has-medium-font-size wp-block-list\"><li>\u00catre&nbsp;capable d\u2019installer et de configurer un serveur DNS secondaire&nbsp;<\/li><\/ul>\n\n\n\n<ul class=\"has-medium-font-size wp-block-list\"><li>&nbsp;\u00catre&nbsp;capable de r\u00e9aliser une d\u00e9l\u00e9gation d\u2019autorit\u00e9 et un transfert de zone&nbsp;<\/li><\/ul>\n\n\n\n<ul class=\"has-medium-font-size wp-block-list\"><li>\u00catre&nbsp;capable de configurer des zones de recherches invers\u00e9&nbsp;&nbsp;<\/li><\/ul>\n\n\n\n<p style=\"font-size:24px\"><strong>Contraintes:<\/strong>&nbsp;<\/p>\n\n\n\n<ul class=\"has-medium-font-size wp-block-list\"><li>La d\u00e9l\u00e9gation n\u00e9cessite un transfert de zone du serveur primaire vers le serveur secondaires&nbsp;<\/li><\/ul>\n\n\n\n<ul class=\"has-medium-font-size wp-block-list\"><li> Serveur secondaire g\u00e8re la r\u00e9solution DNS&nbsp;<\/li><\/ul>\n\n\n\n<ul class=\"has-medium-font-size wp-block-list\"><li>Serveur primaire met \u00e0 jour le fichier de zone&nbsp;<\/li><\/ul>\n\n\n\n<ul class=\"has-medium-font-size wp-block-list\"><li>Contrainte de temps : 5 h pour r\u00e9aliser la missions&nbsp;<\/li><\/ul>\n\n\n\n<div class=\"wp-block-file\"><a href=\"https:\/\/portfolio.mouradjaadar.fr\/wp-content\/uploads\/2021\/05\/DNS-Avance.pdf\">Restitution<\/a><a href=\"https:\/\/portfolio.mouradjaadar.fr\/wp-content\/uploads\/2021\/05\/DNS-Avance.pdf\" class=\"wp-block-file__button\" download>T\u00e9l\u00e9charger<\/a><\/div>\n\n\n\n<div class=\"wp-block-file\"><a href=\"https:\/\/portfolio.mouradjaadar.fr\/wp-content\/uploads\/2021\/05\/Mode_Operatoire_DNS_Secondaire.pdf\">Mode Op\u00e9ratoire<\/a><a href=\"https:\/\/portfolio.mouradjaadar.fr\/wp-content\/uploads\/2021\/05\/Mode_Operatoire_DNS_Secondaire.pdf\" class=\"wp-block-file__button\" download>T\u00e9l\u00e9charger<\/a><\/div>\n\n\n\n<p><\/p>\n","protected":false},"excerpt":{"rendered":"<p>Contexte :&nbsp; &nbsp;Le DSI nous demande d\u2019installer et de configurer un serveur DNS secondaire. Ce serveur DNS secondaire fait donc autorit\u00e9 sur la zone et devra s\u2019occuper de la r\u00e9solution des requ\u00eates DNS \u00e0 la place du serveur Primaire.&nbsp;&nbsp; Objectifs :&nbsp; \u00catre&nbsp;capable d\u2019installer et de configurer un serveur DNS secondaire&nbsp; &nbsp;\u00catre&nbsp;capable de r\u00e9aliser une d\u00e9l\u00e9gation [&hellip;]<\/p>\n","protected":false},"author":1,"featured_media":0,"parent":0,"menu_order":0,"comment_status":"closed","ping_status":"closed","template":"","meta":{"footnotes":""},"class_list":["post-74","page","type-page","status-publish","hentry"],"_links":{"self":[{"href":"https:\/\/portfolio.mouradjaadar.fr\/index.php\/wp-json\/wp\/v2\/pages\/74","targetHints":{"allow":["GET"]}}],"collection":[{"href":"https:\/\/portfolio.mouradjaadar.fr\/index.php\/wp-json\/wp\/v2\/pages"}],"about":[{"href":"https:\/\/portfolio.mouradjaadar.fr\/index.php\/wp-json\/wp\/v2\/types\/page"}],"author":[{"embeddable":true,"href":"https:\/\/portfolio.mouradjaadar.fr\/index.php\/wp-json\/wp\/v2\/users\/1"}],"replies":[{"embeddable":true,"href":"https:\/\/portfolio.mouradjaadar.fr\/index.php\/wp-json\/wp\/v2\/comments?post=74"}],"version-history":[{"count":5,"href":"https:\/\/portfolio.mouradjaadar.fr\/index.php\/wp-json\/wp\/v2\/pages\/74\/revisions"}],"predecessor-version":[{"id":1933,"href":"https:\/\/portfolio.mouradjaadar.fr\/index.php\/wp-json\/wp\/v2\/pages\/74\/revisions\/1933"}],"wp:attachment":[{"href":"https:\/\/portfolio.mouradjaadar.fr\/index.php\/wp-json\/wp\/v2\/media?parent=74"}],"curies":[{"name":"wp","href":"https:\/\/api.w.org\/{rel}","templated":true}]}}