{"id":823,"date":"2021-05-23T13:43:07","date_gmt":"2021-05-23T11:43:07","guid":{"rendered":"https:\/\/portfolio.mouradjaadar.fr\/?page_id=823"},"modified":"2021-05-25T12:25:50","modified_gmt":"2021-05-25T10:25:50","slug":"stage","status":"publish","type":"page","link":"https:\/\/portfolio.mouradjaadar.fr\/index.php\/stage\/","title":{"rendered":"Stage"},"content":{"rendered":"<div data-colibri-id=\"823-c1\" class=\"style-984 style-local-823-c1 position-relative\">\n  <!---->\n  <div data-colibri-component=\"section\" data-colibri-id=\"823-c2\" id=\"custom\" class=\"h-section h-section-global-spacing d-flex align-items-lg-center align-items-md-center align-items-center style-985 style-local-823-c2 position-relative\">\n    <!---->\n    <!---->\n    <div class=\"h-section-grid-container h-section-boxed-container\">\n      <!---->\n      <div data-colibri-id=\"823-c3\" class=\"h-row-container gutters-row-lg-2 gutters-row-md-2 gutters-row-0 gutters-row-v-lg-2 gutters-row-v-md-2 gutters-row-v-2 style-986 style-local-823-c3 position-relative\">\n        <!---->\n        <div class=\"h-row justify-content-lg-center justify-content-md-center justify-content-center align-items-lg-stretch align-items-md-stretch align-items-stretch gutters-col-lg-2 gutters-col-md-2 gutters-col-0 gutters-col-v-lg-2 gutters-col-v-md-2 gutters-col-v-2\">\n          <!---->\n          <div class=\"h-column h-column-container d-flex h-col-lg-auto h-col-md-auto h-col-auto style-987-outer style-local-823-c4-outer\">\n            <div data-colibri-id=\"823-c4\" class=\"d-flex h-flex-basis h-column__inner h-px-lg-2 h-px-md-2 h-px-2 v-inner-lg-2 v-inner-md-2 v-inner-2 style-987 style-local-823-c4 position-relative\">\n              <!---->\n              <!---->\n              <div class=\"w-100 h-y-container h-column__content h-column__v-align flex-basis-100 align-self-lg-start align-self-md-start align-self-start\">\n                <!---->\n                <div data-colibri-id=\"823-c5\" class=\"h-global-transition-all h-heading style-990 style-local-823-c5 position-relative h-element\">\n                  <!---->\n                  <div class=\"h-heading__outer style-990 style-local-823-c5\">\n                    <!---->\n                    <!---->\n                    <h1 class=\"\">Premi\u00e8re ann\u00e9e&nbsp;<\/h1>\n                  <\/div>\n                <\/div>\n                <div data-colibri-id=\"823-c6\" class=\"h-x-container style-996 style-local-823-c6 position-relative h-element\">\n                  <!---->\n                  <div class=\"h-x-container-inner style-dynamic-823-c6-group style-996-spacing style-local-823-c6-spacing\"><span class=\"h-button__outer style-997-outer style-local-823-c7-outer d-inline-flex h-element\"><a h-use-smooth-scroll=\"true\" href=\"https:\/\/portfolio.mouradjaadar.fr\/index.php\/premiere-annee\/\"  data-colibri-id=\"823-c7\" class=\"d-flex w-100 align-items-center h-button justify-content-lg-center justify-content-md-center justify-content-center style-997 style-local-823-c7 position-relative\"><!----><!----> <span>STAGE<\/span><\/a>\n                    <\/span>\n                  <\/div>\n                <\/div>\n              <\/div>\n            <\/div>\n          <\/div>\n          <div class=\"h-column h-column-container d-flex h-col-lg-auto h-col-md-auto h-col-auto style-988-outer style-local-823-c8-outer\">\n            <div data-colibri-id=\"823-c8\" class=\"d-flex h-flex-basis h-column__inner h-px-lg-2 h-px-md-2 h-px-2 v-inner-lg-2 v-inner-md-2 v-inner-2 style-988 style-local-823-c8 position-relative\">\n              <!---->\n              <!---->\n              <div class=\"w-100 h-y-container h-column__content h-column__v-align flex-basis-100 align-self-lg-start align-self-md-start align-self-start\">\n                <!---->\n                <div data-colibri-id=\"823-c9\" class=\"h-global-transition-all h-heading style-991 style-local-823-c9 position-relative h-element\">\n                  <!---->\n                  <div class=\"h-heading__outer style-991 style-local-823-c9\">\n                    <!---->\n                    <!---->\n                    <h1 class=\"\">Deuxi\u00e8me ann\u00e9e&nbsp;<\/h1>\n                  <\/div>\n                <\/div>\n                <div data-colibri-id=\"823-c10\" class=\"h-x-container style-998 style-local-823-c10 position-relative h-element\">\n                  <!---->\n                  <div class=\"h-x-container-inner style-dynamic-823-c10-group style-998-spacing style-local-823-c10-spacing\"><span class=\"h-button__outer style-999-outer style-local-823-c11-outer d-inline-flex h-element\"><a h-use-smooth-scroll=\"true\" href=\"https:\/\/portfolio.mouradjaadar.fr\/index.php\/deuxieme-annee\/\"  data-colibri-id=\"823-c11\" class=\"d-flex w-100 align-items-center h-button justify-content-lg-center justify-content-md-center justify-content-center style-999 style-local-823-c11 position-relative\"><!----><!----> <span>Stage<\/span><\/a>\n                    <\/span>\n                  <\/div>\n                <\/div>\n              <\/div>\n            <\/div>\n          <\/div>\n        <\/div>\n      <\/div>\n    <\/div>\n  <\/div>\n<\/div>","protected":false},"excerpt":{"rendered":"<p>Premi\u00e8re ann\u00e9e&nbsp; STAGE Deuxi\u00e8me ann\u00e9e&nbsp; Stage<\/p>\n","protected":false},"author":1,"featured_media":0,"parent":0,"menu_order":0,"comment_status":"closed","ping_status":"closed","template":"page-templates\/full-width-page.php","meta":{"footnotes":""},"class_list":["post-823","page","type-page","status-publish","hentry"],"_links":{"self":[{"href":"https:\/\/portfolio.mouradjaadar.fr\/index.php\/wp-json\/wp\/v2\/pages\/823","targetHints":{"allow":["GET"]}}],"collection":[{"href":"https:\/\/portfolio.mouradjaadar.fr\/index.php\/wp-json\/wp\/v2\/pages"}],"about":[{"href":"https:\/\/portfolio.mouradjaadar.fr\/index.php\/wp-json\/wp\/v2\/types\/page"}],"author":[{"embeddable":true,"href":"https:\/\/portfolio.mouradjaadar.fr\/index.php\/wp-json\/wp\/v2\/users\/1"}],"replies":[{"embeddable":true,"href":"https:\/\/portfolio.mouradjaadar.fr\/index.php\/wp-json\/wp\/v2\/comments?post=823"}],"version-history":[{"count":6,"href":"https:\/\/portfolio.mouradjaadar.fr\/index.php\/wp-json\/wp\/v2\/pages\/823\/revisions"}],"predecessor-version":[{"id":1685,"href":"https:\/\/portfolio.mouradjaadar.fr\/index.php\/wp-json\/wp\/v2\/pages\/823\/revisions\/1685"}],"wp:attachment":[{"href":"https:\/\/portfolio.mouradjaadar.fr\/index.php\/wp-json\/wp\/v2\/media?parent=823"}],"curies":[{"name":"wp","href":"https:\/\/api.w.org\/{rel}","templated":true}]}}