{"id":825,"date":"2021-05-23T13:43:07","date_gmt":"2021-05-23T11:43:07","guid":{"rendered":"https:\/\/portfolio.mouradjaadar.fr\/?page_id=825"},"modified":"2022-05-08T23:43:03","modified_gmt":"2022-05-08T21:43:03","slug":"activites-reseaux-2","status":"publish","type":"page","link":"https:\/\/portfolio.mouradjaadar.fr\/index.php\/activites-reseaux-2\/","title":{"rendered":"Activit\u00e9s r\u00e9seaux"},"content":{"rendered":"<div data-colibri-id=\"825-c1\" class=\"style-696 style-local-825-c1 position-relative\">\n  <!---->\n  <div data-colibri-component=\"section\" data-colibri-id=\"825-c2\" id=\"reusable-sections\" class=\"h-section h-section-global-spacing d-flex align-items-lg-center align-items-md-center align-items-center style-1165 style-local-825-c2 position-relative\">\n    <!---->\n    <!---->\n    <div class=\"h-section-grid-container h-section-boxed-container\">\n      <!---->\n      <div data-colibri-id=\"825-c3\" class=\"h-row-container gutters-row-lg-0 gutters-row-md-0 gutters-row-2 gutters-row-v-lg-0 gutters-row-v-md-0 gutters-row-v-2 style-1166 style-local-825-c3 position-relative\">\n        <!---->\n        <div class=\"h-row justify-content-lg-center justify-content-md-center justify-content-center align-items-lg-stretch align-items-md-stretch align-items-stretch gutters-col-lg-0 gutters-col-md-0 gutters-col-2 gutters-col-v-lg-0 gutters-col-v-md-0 gutters-col-v-2\">\n          <!---->\n          <div class=\"h-column h-column-container d-flex h-col-lg-3 h-col-md-3 h-col-12 style-1167-outer style-local-825-c4-outer\">\n            <div data-colibri-id=\"825-c4\" class=\"d-flex h-flex-basis h-column__inner h-px-lg-3 h-px-md-3 h-px-2 v-inner-lg-3 v-inner-md-3 v-inner-2 style-1167 style-local-825-c4 position-relative\">\n              <!---->\n              <!---->\n              <div class=\"w-100 h-y-container h-column__content h-column__v-align flex-basis-100 align-self-lg-center align-self-md-center align-self-center\">\n                <!---->\n                <div data-colibri-id=\"825-c5\" class=\"h-icon style-1168 style-local-825-c5 position-relative h-element\">\n                  <!---->\n                  <a href=\"https:\/\/portfolio.mouradjaadar.fr\/index.php\/configuration-delement-materiel\/\" h-use-smooth-scroll=\"true\"><span class=\"h-svg-icon h-icon__icon style-1168-icon style-local-825-c5-icon\"><!--Icon by Font Awesome (https:\/\/fontawesome.com)--><svg version=\"1.1\" xmlns=\"http:\/\/www.w3.org\/2000\/svg\" xmlns:xlink=\"http:\/\/www.w3.org\/1999\/xlink\" id=\"th-list\" viewBox=\"0 0 1792 1896.0833\"><path d=\"M512 1248v192q0 40-28 68t-68 28H96q-40 0-68-28t-28-68v-192q0-40 28-68t68-28h320q40 0 68 28t28 68zm0-512v192q0 40-28 68t-68 28H96q-40 0-68-28T0 928V736q0-40 28-68t68-28h320q40 0 68 28t28 68zm1280 512v192q0 40-28 68t-68 28H736q-40 0-68-28t-28-68v-192q0-40 28-68t68-28h960q40 0 68 28t28 68zM512 224v192q0 40-28 68t-68 28H96q-40 0-68-28T0 416V224q0-40 28-68t68-28h320q40 0 68 28t28 68zm1280 512v192q0 40-28 68t-68 28H736q-40 0-68-28t-28-68V736q0-40 28-68t68-28h960q40 0 68 28t28 68zm0-512v192q0 40-28 68t-68 28H736q-40 0-68-28t-28-68V224q0-40 28-68t68-28h960q40 0 68 28t28 68z\"><\/path><\/svg><\/span><\/a>\n                <\/div>\n                <div data-colibri-id=\"825-c6\" class=\"h-global-transition-all h-heading style-1169 style-local-825-c6 position-relative h-element\">\n                  <!---->\n                  <div class=\"h-heading__outer style-1169 style-local-825-c6\">\n                    <!---->\n                    <!---->\n                    <a href=\"https:\/\/portfolio.mouradjaadar.fr\/index.php\/configuration-delement-materiel\/\" h-use-smooth-scroll=\"true\">\n                      <h5 class=\"\">Configuration d&#8217;\u00e9l\u00e9ment Mat\u00e9riel<\/h5>\n                    <\/a>\n                  <\/div>\n                <\/div>\n              <\/div>\n            <\/div>\n          <\/div>\n          <div class=\"h-column h-column-container d-flex h-col-lg-3 h-col-md-3 h-col-12 style-1170-outer style-local-825-c7-outer\">\n            <div data-colibri-id=\"825-c7\" class=\"d-flex h-flex-basis h-column__inner h-px-lg-2 h-px-md-2 h-px-2 v-inner-lg-2 v-inner-md-2 v-inner-2 style-1170 style-local-825-c7 position-relative\">\n              <!---->\n              <!---->\n              <div class=\"w-100 h-y-container h-column__content h-column__v-align flex-basis-100 align-self-lg-start align-self-md-start align-self-start\">\n                <!---->\n                <div data-colibri-id=\"825-c8\" class=\"h-icon style-1171 style-local-825-c8 position-relative h-element\">\n                  <!----><span class=\"h-svg-icon h-icon__icon style-1171-icon style-local-825-c8-icon\"><!--Icon by Font Awesome (https:\/\/fontawesome.com)--><svg version=\"1.1\" xmlns=\"http:\/\/www.w3.org\/2000\/svg\" xmlns:xlink=\"http:\/\/www.w3.org\/1999\/xlink\" id=\"server\" viewBox=\"0 0 1792 1896.0833\"><path d=\"M128 1408h1024v-128H128v128zm0-512h1024V768H128v128zm1568 448q0-40-28-68t-68-28-68 28-28 68 28 68 68 28 68-28 28-68zM128 384h1024V256H128v128zm1568 448q0-40-28-68t-68-28-68 28-28 68 28 68 68 28 68-28 28-68zm0-512q0-40-28-68t-68-28-68 28-28 68 28 68 68 28 68-28 28-68zm96 832v384H0v-384h1792zm0-512v384H0V640h1792zm0-512v384H0V128h1792z\"><\/path><\/svg><\/span><\/div>\n                <div\n                  data-colibri-id=\"825-c9\" class=\"h-global-transition-all h-heading style-1172 style-local-825-c9 position-relative h-element\">\n                  <!---->\n                  <div class=\"h-heading__outer style-1172 style-local-825-c9\">\n                    <!---->\n                    <!---->\n                    <a href=\"https:\/\/portfolio.mouradjaadar.fr\/index.php\/service\/\" h-use-smooth-scroll=\"true\">\n                      <h5 class=\"\">MISE EN PLACE DE SERVICE&nbsp;<\/h5>\n                    <\/a>\n                  <\/div>\n              <\/div>\n            <\/div>\n          <\/div>\n        <\/div>\n        <div class=\"h-column h-column-container d-flex h-col-lg-3 h-col-md-3 h-col-12 style-1167-outer style-local-825-c10-outer\">\n          <div data-colibri-id=\"825-c10\" class=\"d-flex h-flex-basis h-column__inner h-px-lg-3 h-px-md-3 h-px-2 v-inner-lg-3 v-inner-md-3 v-inner-2 style-1167 style-local-825-c10 position-relative\">\n            <!---->\n            <!---->\n            <div class=\"w-100 h-y-container h-column__content h-column__v-align flex-basis-100 align-self-lg-center align-self-md-center align-self-center\">\n              <!---->\n              <div data-colibri-id=\"825-c11\" class=\"h-icon style-1168 style-local-825-c11 position-relative h-element\">\n                <!---->\n                <a href=\"https:\/\/portfolio.mouradjaadar.fr\/index.php\/continuite-de-service\/\" h-use-smooth-scroll=\"true\"><span class=\"h-svg-icon h-icon__icon style-1168-icon style-local-825-c11-icon\"><!--Icon by Font Awesome (https:\/\/fontawesome.com)--><svg version=\"1.1\" xmlns=\"http:\/\/www.w3.org\/2000\/svg\" xmlns:xlink=\"http:\/\/www.w3.org\/1999\/xlink\" id=\"gear\" viewBox=\"0 0 1536 1896.0833\"><path d=\"M1024 896q0-106-75-181t-181-75-181 75-75 181 75 181 181 75 181-75 75-181zm512-109v222q0 12-8 23t-20 13l-185 28q-19 54-39 91 35 50 107 138 10 12 10 25t-9 23q-27 37-99 108t-94 71q-12 0-26-9l-138-108q-44 23-91 38-16 136-29 186-7 28-36 28H657q-14 0-24.5-8.5T621 1634l-28-184q-49-16-90-37l-141 107q-10 9-25 9-14 0-25-11-126-114-165-168-7-10-7-23 0-12 8-23 15-21 51-66.5t54-70.5q-27-50-41-99l-183-27q-13-2-21-12.5T0 1005V783q0-12 8-23t19-13l186-28q14-46 39-92-40-57-107-138-10-12-10-24 0-10 9-23 26-36 98.5-107.5T337 263q13 0 26 10l138 107q44-23 91-38 16-136 29-186 7-28 36-28h222q14 0 24.5 8.5T915 158l28 184q49 16 90 37l142-107q9-9 24-9 13 0 25 10 129 119 165 170 7 8 7 22 0 12-8 23-15 21-51 66.5t-54 70.5q26 50 41 98l183 28q13 2 21 12.5t8 23.5z\"><\/path><\/svg><\/span><\/a>\n              <\/div>\n              <div data-colibri-id=\"825-c12\" class=\"h-global-transition-all h-heading style-1169 style-local-825-c12 position-relative h-element\">\n                <!---->\n                <div class=\"h-heading__outer style-1169 style-local-825-c12\">\n                  <!---->\n                  <!---->\n                  <a href=\"https:\/\/portfolio.mouradjaadar.fr\/index.php\/continuite-de-service\/\" h-use-smooth-scroll=\"true\">\n                    <h5 class=\"\">Continuit\u00e9 de service<\/h5>\n                  <\/a>\n                <\/div>\n              <\/div>\n            <\/div>\n          <\/div>\n        <\/div>\n        <div class=\"h-column h-column-container d-flex h-col-lg-3 h-col-md-3 h-col-12 style-1167-outer style-local-825-c13-outer\">\n          <div data-colibri-id=\"825-c13\" class=\"d-flex h-flex-basis h-column__inner h-px-lg-3 h-px-md-3 h-px-2 v-inner-lg-3 v-inner-md-3 v-inner-2 style-1167 style-local-825-c13 position-relative\">\n            <!---->\n            <!---->\n            <div class=\"w-100 h-y-container h-column__content h-column__v-align flex-basis-100 align-self-lg-center align-self-md-center align-self-center\">\n              <!---->\n              <div data-colibri-id=\"825-c14\" class=\"h-icon style-1168 style-local-825-c14 position-relative h-element\">\n                <!---->\n                <a href=\"https:\/\/portfolio.mouradjaadar.fr\/index.php\/qualite-de-service\/\" h-use-smooth-scroll=\"true\"><span class=\"h-svg-icon h-icon__icon style-1168-icon style-local-825-c14-icon\"><!--Icon by Icons8 Line Awesome (https:\/\/icons8.com\/line-awesome)--><svg version=\"1.1\" xmlns=\"http:\/\/www.w3.org\/2000\/svg\" xmlns:xlink=\"http:\/\/www.w3.org\/1999\/xlink\" id=\"cubes\" viewBox=\"0 0 512 545.5\"><path d=\"M256 96l6 2.5 96 38.5 10 4v107.5l86.5 37.5 9.5 4.5v129l-8 5-96 53.5-7.5 4-7.5-3.5-89-44.5-89 44.5-7.5 3.5-7.5-4-96-53.5-8-5v-129l9.5-4.5 86.5-37.5V141l10-4 96-38.5zm0 35l-52.5 20.5L256 172l52.5-20.5zm-80 44v74l64 28.5v-78zm160 0l-64 24.5v78l64-28.5v-74zM160 277l-58 25 58 29 58-28.5zm192 0l-40 17.5-18 8 58 28.5 58-29zM80 326.5V401l64 36v-78.5zm352 0l-64 32V437l64-36v-74.5zm-192 1l-64 31V438l64-32v-78.5zm32 0V406l64 32v-79.5z\"><\/path><\/svg><\/span><\/a>\n              <\/div>\n              <div data-colibri-id=\"825-c15\" class=\"h-global-transition-all h-heading style-1169 style-local-825-c15 position-relative h-element\">\n                <!---->\n                <div class=\"h-heading__outer style-1169 style-local-825-c15\">\n                  <!---->\n                  <!---->\n                  <a href=\"https:\/\/portfolio.mouradjaadar.fr\/index.php\/qualite-de-service\/\" h-use-smooth-scroll=\"true\">\n                    <h5 class=\"\">Qualit\u00e9 de service<\/h5>\n                  <\/a>\n                <\/div>\n              <\/div>\n            <\/div>\n          <\/div>\n        <\/div>\n        <div class=\"h-column h-column-container d-flex h-col-lg-3 h-col-md-3 h-col-12 style-1173-outer style-local-825-c16-outer\">\n          <div data-colibri-id=\"825-c16\" class=\"d-flex h-flex-basis h-column__inner h-px-lg-3 h-px-md-3 h-px-2 v-inner-lg-3 v-inner-md-3 v-inner-2 style-1173 style-local-825-c16 position-relative\">\n            <!---->\n            <!---->\n            <div class=\"w-100 h-y-container h-column__content h-column__v-align flex-basis-100 align-self-lg-center align-self-md-center align-self-center\">\n              <!---->\n              <div data-colibri-id=\"825-c17\" class=\"h-icon style-1168 style-local-825-c17 position-relative h-element\">\n                <!---->\n                <a href=\"https:\/\/portfolio.mouradjaadar.fr\/index.php\/gestion-du-parc-informatique-gestion-des-incidents\/\" h-use-smooth-scroll=\"true\"><span class=\"h-svg-icon h-icon__icon style-1168-icon style-local-825-c17-icon\"><!--Icon by Icons8 Line Awesome (https:\/\/icons8.com\/line-awesome)--><svg version=\"1.1\" xmlns=\"http:\/\/www.w3.org\/2000\/svg\" xmlns:xlink=\"http:\/\/www.w3.org\/1999\/xlink\" id=\"area-chart\" viewBox=\"0 0 512 545.5\"><path d=\"M448 97v383H64V204.5l19 4 73 14.5 91-60.5 5.5-3.5 6 1 89.5 15 74-58zm-32 65.5l-54 42-5.5 4.5-7-1-90-15-90.5 60.5-5.5 3.5-6.5-1.5-61-12V309l62 25 89-59.5 6.5-4 7.5 2.5 87.5 29 67.5-53.5v-86zm0 127l-54 43-7 5.5-8-3-88-29.5-90 60-7 4.5-8-3-58-23v104h320V289.5z\"><\/path><\/svg><\/span><\/a>\n              <\/div>\n              <div data-colibri-id=\"825-c18\" class=\"h-global-transition-all h-heading style-1169 style-local-825-c18 position-relative h-element\">\n                <!---->\n                <div class=\"h-heading__outer style-1169 style-local-825-c18\">\n                  <!---->\n                  <!---->\n                  <a href=\"https:\/\/portfolio.mouradjaadar.fr\/index.php\/gestion-du-parc-informatique-gestion-des-incidents\/\" h-use-smooth-scroll=\"true\">\n                    <h5 class=\"\">gestion du Parc informatique &#8211; gESTIONs DES INCIDENTS<\/h5>\n                  <\/a>\n                <\/div>\n              <\/div>\n            <\/div>\n          <\/div>\n        <\/div>\n      <\/div>\n    <\/div>\n  <\/div>\n<\/div>\n<\/div>","protected":false},"excerpt":{"rendered":"<p>Configuration d&#8217;\u00e9l\u00e9ment Mat\u00e9riel MISE EN PLACE DE SERVICE&nbsp; Continuit\u00e9 de service Qualit\u00e9 de service gestion du Parc informatique &#8211; gESTIONs DES INCIDENTS<\/p>\n","protected":false},"author":1,"featured_media":0,"parent":0,"menu_order":0,"comment_status":"closed","ping_status":"closed","template":"page-templates\/full-width-page.php","meta":{"footnotes":""},"class_list":["post-825","page","type-page","status-publish","hentry"],"_links":{"self":[{"href":"https:\/\/portfolio.mouradjaadar.fr\/index.php\/wp-json\/wp\/v2\/pages\/825","targetHints":{"allow":["GET"]}}],"collection":[{"href":"https:\/\/portfolio.mouradjaadar.fr\/index.php\/wp-json\/wp\/v2\/pages"}],"about":[{"href":"https:\/\/portfolio.mouradjaadar.fr\/index.php\/wp-json\/wp\/v2\/types\/page"}],"author":[{"embeddable":true,"href":"https:\/\/portfolio.mouradjaadar.fr\/index.php\/wp-json\/wp\/v2\/users\/1"}],"replies":[{"embeddable":true,"href":"https:\/\/portfolio.mouradjaadar.fr\/index.php\/wp-json\/wp\/v2\/comments?post=825"}],"version-history":[{"count":20,"href":"https:\/\/portfolio.mouradjaadar.fr\/index.php\/wp-json\/wp\/v2\/pages\/825\/revisions"}],"predecessor-version":[{"id":2176,"href":"https:\/\/portfolio.mouradjaadar.fr\/index.php\/wp-json\/wp\/v2\/pages\/825\/revisions\/2176"}],"wp:attachment":[{"href":"https:\/\/portfolio.mouradjaadar.fr\/index.php\/wp-json\/wp\/v2\/media?parent=825"}],"curies":[{"name":"wp","href":"https:\/\/api.w.org\/{rel}","templated":true}]}}