{"id":93,"date":"2021-05-19T22:37:12","date_gmt":"2021-05-19T20:37:12","guid":{"rendered":"https:\/\/portfolio.jaadar.go.yj.fr\/?page_id=93"},"modified":"2021-05-26T00:57:06","modified_gmt":"2021-05-25T22:57:06","slug":"protocole-routage-dynamique-ospf","status":"publish","type":"page","link":"https:\/\/portfolio.mouradjaadar.fr\/index.php\/protocole-routage-dynamique-ospf\/","title":{"rendered":"Protocole Routage dynamique (OSPF)"},"content":{"rendered":"\n<p><strong>Contexte :<\/strong>&nbsp;<\/p>\n\n\n\n<p>Le DSI nous demande de mettre en&nbsp;place un protocole de&nbsp;routage dynamique, en testant les protocoles RIP et OSPF. L\u2019objectif du routage dynamique est de simplifier la configuration des routes dans un r\u00e9seau.&nbsp;&nbsp;<\/p>\n\n\n\n<p><strong>Objectifs :<\/strong>&nbsp;<\/p>\n\n\n\n<p>\u2022 \u00catre capable de configurer un protocole sur du mat\u00e9riel d\u2019interconnexion&nbsp;<\/p>\n\n\n\n<p>\u2022 \u00catre capable de configurer de fa\u00e7on avanc\u00e9 un routeur et optimiser les flux de communication&nbsp;<\/p>\n\n\n\n<p>\u2022 \u00catre capable d\u2019observer et expliquer le comportement des protocoles de routage dynamique d\u2019interconnexion&nbsp;<\/p>\n\n\n\n<p>\u2022 \u00catre capable d\u2019installer et configurer une solution de contr\u00f4le et de surveillance des communications&nbsp;<\/p>\n\n\n\n<p><strong>Contraintes :<\/strong>&nbsp;<\/p>\n\n\n\n<p>\u2022&nbsp;Tester au moins deux protocoles, un de chaque famille&nbsp;<\/p>\n\n\n\n<p>\u2022&nbsp;Identifier le fonctionnement et les routes choisies entre les diff\u00e9rents routeurs&nbsp;<\/p>\n\n\n\n<p>\u2022&nbsp;Voir si on peut modifier le d\u00e9bit th\u00e9orique des diff\u00e9rent liens&nbsp;&nbsp;<\/p>\n\n\n\n<p>\u2022\u00a0R\u00e9aliser des tests en modifiant la topologie ou en d\u00e9connectant des liens qui sont choisies au d\u00e9part.\u00a0<\/p>\n\n\n\n<p><\/p>\n\n\n\n<div class=\"wp-block-file\"><a href=\"https:\/\/portfolio.mouradjaadar.fr\/wp-content\/uploads\/2021\/05\/OSPF-RIP.pdf\">Restitution<\/a><a href=\"https:\/\/portfolio.mouradjaadar.fr\/wp-content\/uploads\/2021\/05\/OSPF-RIP.pdf\" class=\"wp-block-file__button\" download>T\u00e9l\u00e9charger<\/a><\/div>\n\n\n\n<div class=\"wp-block-file\"><a href=\"https:\/\/portfolio.mouradjaadar.fr\/wp-content\/uploads\/2021\/05\/Mode-Operatoire-Routage-Dynamique.pdf\">Mode Op\u00e9ratoire <\/a><a href=\"https:\/\/portfolio.mouradjaadar.fr\/wp-content\/uploads\/2021\/05\/Mode-Operatoire-Routage-Dynamique.pdf\" class=\"wp-block-file__button\" download>T\u00e9l\u00e9charger<\/a><\/div>\n\n\n\n<p><\/p>\n","protected":false},"excerpt":{"rendered":"<p>Contexte :&nbsp; Le DSI nous demande de mettre en&nbsp;place un protocole de&nbsp;routage dynamique, en testant les protocoles RIP et OSPF. L\u2019objectif du routage dynamique est de simplifier la configuration des routes dans un r\u00e9seau.&nbsp;&nbsp; Objectifs :&nbsp; \u2022 \u00catre capable de configurer un protocole sur du mat\u00e9riel d\u2019interconnexion&nbsp; \u2022 \u00catre capable de configurer de fa\u00e7on avanc\u00e9 [&hellip;]<\/p>\n","protected":false},"author":1,"featured_media":0,"parent":0,"menu_order":0,"comment_status":"closed","ping_status":"closed","template":"","meta":{"footnotes":""},"class_list":["post-93","page","type-page","status-publish","hentry"],"_links":{"self":[{"href":"https:\/\/portfolio.mouradjaadar.fr\/index.php\/wp-json\/wp\/v2\/pages\/93","targetHints":{"allow":["GET"]}}],"collection":[{"href":"https:\/\/portfolio.mouradjaadar.fr\/index.php\/wp-json\/wp\/v2\/pages"}],"about":[{"href":"https:\/\/portfolio.mouradjaadar.fr\/index.php\/wp-json\/wp\/v2\/types\/page"}],"author":[{"embeddable":true,"href":"https:\/\/portfolio.mouradjaadar.fr\/index.php\/wp-json\/wp\/v2\/users\/1"}],"replies":[{"embeddable":true,"href":"https:\/\/portfolio.mouradjaadar.fr\/index.php\/wp-json\/wp\/v2\/comments?post=93"}],"version-history":[{"count":3,"href":"https:\/\/portfolio.mouradjaadar.fr\/index.php\/wp-json\/wp\/v2\/pages\/93\/revisions"}],"predecessor-version":[{"id":1908,"href":"https:\/\/portfolio.mouradjaadar.fr\/index.php\/wp-json\/wp\/v2\/pages\/93\/revisions\/1908"}],"wp:attachment":[{"href":"https:\/\/portfolio.mouradjaadar.fr\/index.php\/wp-json\/wp\/v2\/media?parent=93"}],"curies":[{"name":"wp","href":"https:\/\/api.w.org\/{rel}","templated":true}]}}